{"id":6476,"date":"2024-02-22T12:18:12","date_gmt":"2024-02-22T11:18:12","guid":{"rendered":"https:\/\/www.hotelamburgo.com\/kontakt\/"},"modified":"2024-02-26T12:15:14","modified_gmt":"2024-02-26T11:15:14","slug":"kontakt","status":"publish","type":"page","link":"https:\/\/www.hotelamburgo.com\/de\/kontakt\/","title":{"rendered":"Kontakt"},"content":{"rendered":"<div  class=\"grids-section four-servces-boxes grids-is-advanced alignwide\" style=\"--_gs-gap-desktop:0px 0px;--_gs-m-desktop:0 0 0 0;--_gs-p-desktop:35px 0 0 0;--_gs-bg-desktop:transparent none;--_gs-bg-xp-desktop:0px;--_gs-zi-desktop:auto;--_gs-d-desktop:block;--_gs-mw-desktop:calc(100% - 0 - 0);--_gs-gap-tablet:0px 0px;--_gs-m-tablet:0 0 0 0;--_gs-p-tablet:35px 0 0 0;--_gs-bg-tablet:transparent none;--_gs-bg-xp-tablet:0px;--_gs-zi-tablet:auto;--_gs-d-tablet:block;--_gs-mw-tablet:calc(100% - 0 - 0);--_gs-gap-mobile:0px 0px;--_gs-m-mobile:0 0 0 0;--_gs-p-mobile:25px 0 0 0;--_gs-bg-mobile:transparent none;--_gs-bg-xp-mobile:0px;--_gs-zi-mobile:auto;--_gs-d-mobile:block;--_gs-mw-mobile:calc(100% - 0 - 0);--_gs-columns:12;--_gs-rows:6\"><div class=\"grids-s-w_i\">\n<div class=\"grids-area service-box animated slideInUp\" style=\"--_ga-column:1\/5;--_ga-row:2\/7;--_ga-m-desktop:0 0 0 0;--_ga-p-desktop:0 0 0 0;--_ga-bg-desktop:transparent none;--_ga-zi-desktop:auto;--_ga-d-desktop:flex;--_ga-mw-desktop:calc(100% - 0 - 0);--_ga-m-tablet:0 0 0 0;--_ga-p-tablet:0 0 0 0;--_ga-bg-tablet:transparent none;--_ga-zi-tablet:auto;--_ga-d-tablet:flex;--_ga-mw-tablet:calc(100% - 0 - 0);--_ga-m-mobile:0 0 0 0;--_ga-p-mobile:0 0 0 0;--_ga-bg-mobile:transparent none;--_ga-zi-mobile:auto;--_ga-d-mobile:flex;--_ga-mw-mobile:calc(100% - 0 - 0)\">\n\n<h4 class=\"wp-block-heading has-text-align-center\">Wo wir sind<\/h4>\n\n\n\n<p class=\"has-text-align-center\"><a href=\"https:\/\/maps.app.goo.gl\/QsstL5nmekWarfQAA\">Via Venere, 19<br>I-30028 Bibione (VE)<\/a><\/p>\n\n<\/div>\n\n<div class=\"grids-area service-box animated slideInUp delay-100ms\" style=\"--_ga-column:5\/9;--_ga-row:2\/7;--_ga-m-desktop:0 0 0 0;--_ga-p-desktop:0 0 0 0;--_ga-bg-desktop:transparent none;--_ga-zi-desktop:auto;--_ga-d-desktop:flex;--_ga-mw-desktop:calc(100% - 0 - 0);--_ga-m-tablet:0 0 0 0;--_ga-p-tablet:0 0 0 0;--_ga-bg-tablet:transparent none;--_ga-zi-tablet:auto;--_ga-d-tablet:flex;--_ga-mw-tablet:calc(100% - 0 - 0);--_ga-m-mobile:0 0 0 0;--_ga-p-mobile:0 0 0 0;--_ga-bg-mobile:transparent none;--_ga-zi-mobile:auto;--_ga-d-mobile:flex;--_ga-mw-mobile:calc(100% - 0 - 0)\">\n\n<h4 class=\"wp-block-heading has-text-align-center\">Telefon<\/h4>\n\n\n\n<a style=\"text-align:center;\"href=\"tel:+39 0431 43441\" title=\"Tel\">\n<i class=\"fa-solid fa-phone\"><\/i>\n+39 0431 43441<\/a>\n<a style=\"text-align:center;\" href=\"https:\/\/api.whatsapp.com\/send?phone=39043143441\" title=\"Tel\"><i class=\"fa-brands fa-whatsapp fa-lg\"><\/i>\n+39 0431 43441<\/a>\n\n<\/div>\n\n<div class=\"grids-area service-box animated slideInUp delay-200ms\" style=\"--_ga-column:9\/13;--_ga-row:2\/7;--_ga-m-desktop:0 0 0 0;--_ga-p-desktop:0 0 0 0;--_ga-bg-desktop:transparent none;--_ga-zi-desktop:auto;--_ga-d-desktop:flex;--_ga-mw-desktop:calc(100% - 0 - 0);--_ga-m-tablet:0 0 0 0;--_ga-p-tablet:0 0 0 0;--_ga-bg-tablet:transparent none;--_ga-zi-tablet:auto;--_ga-d-tablet:flex;--_ga-mw-tablet:calc(100% - 0 - 0);--_ga-m-mobile:0 0 0 0;--_ga-p-mobile:0 0 0 0;--_ga-bg-mobile:transparent none;--_ga-zi-mobile:auto;--_ga-d-mobile:flex;--_ga-mw-mobile:calc(100% - 0 - 0)\">\n\n<h4 class=\"wp-block-heading has-text-align-center\">E-Mail<\/h4>\n\n\n\n<p class=\"has-text-align-center\"><a href=\"mailto:info@hotelamburgo.com\" target=\"_blank\" rel=\"noreferrer noopener\">info@hotelamburgo.com<\/a><\/p>\n\n<\/div>\n\n<div class=\"grids-area\" style=\"--_ga-column:1\/13;--_ga-row:1\/2;--_ga-m-desktop:0 0 0 0;--_ga-p-desktop:0 0 0 0;--_ga-bg-desktop:transparent none;--_ga-zi-desktop:auto;--_ga-d-desktop:flex;--_ga-mw-desktop:calc(100% - 0 - 0);--_ga-m-tablet:0 0 0 0;--_ga-p-tablet:0 0 0 0;--_ga-bg-tablet:transparent none;--_ga-zi-tablet:auto;--_ga-d-tablet:flex;--_ga-mw-tablet:calc(100% - 0 - 0);--_ga-m-mobile:0 0 0 0;--_ga-p-mobile:0 0 0 0;--_ga-bg-mobile:transparent none;--_ga-zi-mobile:auto;--_ga-d-mobile:flex;--_ga-mw-mobile:calc(100% - 0 - 0)\">\n\n<h2 class=\"wp-block-heading has-text-align-center\">Kontakt<\/h2>\n\n\n\n<h3 class=\"wp-block-heading has-text-align-center\">Zu Ihrer Verf\u00fcgung<\/h3>\n\n\n\n<p class=\"has-text-align-center\">Wir stehen Ihnen gerne zur Verf\u00fcgung, um Ihre Fragen zu beantworten. <strong>Rufen Sie uns <\/strong>an oder <strong>schreiben Sie uns eine E-Mail<\/strong> an unsere direkte Adresse.<\/p>\n\n<\/div>\n<\/div><\/div>\n\n<div  class=\"grids-section grids-is-advanced\" style=\"--_gs-gap-desktop:0px 0px;--_gs-m-desktop:0 0 0 0;--_gs-p-desktop:0 0 0 0;--_gs-bg-desktop:transparent none;--_gs-bg-xp-desktop:0px;--_gs-zi-desktop:auto;--_gs-d-desktop:block;--_gs-mw-desktop:calc(100% - 0 - 0);--_gs-gap-tablet:0px 0px;--_gs-m-tablet:0 0 0 0;--_gs-p-tablet:0 0 0 0;--_gs-bg-tablet:transparent none;--_gs-bg-xp-tablet:0px;--_gs-zi-tablet:auto;--_gs-d-tablet:block;--_gs-mw-tablet:calc(100% - 0 - 0);--_gs-gap-mobile:0px 0px;--_gs-m-mobile:0 0 0 0;--_gs-p-mobile:0 0 0 0;--_gs-bg-mobile:transparent none;--_gs-bg-xp-mobile:0px;--_gs-zi-mobile:auto;--_gs-d-mobile:block;--_gs-mw-mobile:calc(100% - 0 - 0);--_gs-columns:12;--_gs-rows:6\"><div class=\"grids-s-w_i\">\n<div class=\"grids-area\" style=\"--_ga-column:3\/11;--_ga-row:1\/2;--_ga-m-desktop:0 0 0 0;--_ga-p-desktop:0 0 0 0;--_ga-bg-desktop:transparent none;--_ga-zi-desktop:auto;--_ga-d-desktop:flex;--_ga-mw-desktop:calc(100% - 0 - 0);--_ga-m-tablet:0 0 0 0;--_ga-p-tablet:0 0 0 0;--_ga-bg-tablet:transparent none;--_ga-zi-tablet:auto;--_ga-d-tablet:flex;--_ga-mw-tablet:calc(100% - 0 - 0);--_ga-m-mobile:0 0 0 0;--_ga-p-mobile:0 0 0 0;--_ga-bg-mobile:transparent none;--_ga-zi-mobile:auto;--_ga-d-mobile:flex;--_ga-mw-mobile:calc(100% - 0 - 0)\">\n\n<div class=\"wp-block-contact-form-7-contact-form-selector\">\n<div class=\"wpcf7 no-js\" id=\"wpcf7-f184-o1\" lang=\"de-DE\" dir=\"ltr\" data-wpcf7-id=\"184\">\n<div class=\"screen-reader-response\"><p role=\"status\" aria-live=\"polite\" aria-atomic=\"true\"><\/p> <ul><\/ul><\/div>\n<form action=\"\/de\/wp-json\/wp\/v2\/pages\/6476#wpcf7-f184-o1\" method=\"post\" class=\"wpcf7-form init wpcf7-acceptance-as-validation\" aria-label=\"Kontaktformular\" novalidate=\"novalidate\" data-status=\"init\">\n<fieldset class=\"hidden-fields-container\"><input type=\"hidden\" name=\"_wpcf7\" value=\"184\" \/><input type=\"hidden\" name=\"_wpcf7_version\" value=\"6.1\" \/><input type=\"hidden\" name=\"_wpcf7_locale\" value=\"de_DE\" \/><input type=\"hidden\" name=\"_wpcf7_unit_tag\" value=\"wpcf7-f184-o1\" \/><input type=\"hidden\" name=\"_wpcf7_container_post\" value=\"0\" \/><input type=\"hidden\" name=\"_wpcf7_posted_data_hash\" value=\"\" \/>\n<\/fieldset>\n<p><span id=\"wpcf7-69f894c5ebb00-wrapper\" class=\"wpcf7-form-control-wrap email-777-wrap\" style=\"display:none !important; visibility:hidden !important;\"><label for=\"wpcf7-69f894c5ebb00-field\" class=\"hp-message\">Bitte lasse dieses Feld leer.<\/label><input id=\"wpcf7-69f894c5ebb00-field\"  class=\"wpcf7-form-control wpcf7-text\" type=\"text\" name=\"email-777\" value=\"\" size=\"40\" tabindex=\"-1\" autocomplete=\"new-password\" \/><\/span>\n<\/p>\n<div class=\"contact-form-box\">\n\t<div class=\"contact-left\">\n\t\t<p><label><br \/>\n<span class=\"wpcf7-form-control-wrap\" data-name=\"nome\"><input size=\"40\" maxlength=\"400\" class=\"wpcf7-form-control wpcf7-text wpcf7-validates-as-required\" aria-required=\"true\" aria-invalid=\"false\" placeholder=\"Name*\" value=\"\" type=\"text\" name=\"nome\" \/><\/span> <\/label><br \/>\n<label><br \/>\n<span class=\"wpcf7-form-control-wrap\" data-name=\"email\"><input size=\"40\" maxlength=\"400\" class=\"wpcf7-form-control wpcf7-email wpcf7-validates-as-required wpcf7-text wpcf7-validates-as-email\" aria-required=\"true\" aria-invalid=\"false\" placeholder=\"E-Mail*\" value=\"\" type=\"email\" name=\"email\" \/><\/span> <\/label>\n\t\t<\/p>\n\t<\/div>\n\t<div class=\"contact-right\">\n\t\t<p><label><br \/>\n<span class=\"wpcf7-form-control-wrap\" data-name=\"cognome\"><input size=\"40\" maxlength=\"400\" class=\"wpcf7-form-control wpcf7-text wpcf7-validates-as-required\" aria-required=\"true\" aria-invalid=\"false\" placeholder=\"Nachname*\" value=\"\" type=\"text\" name=\"cognome\" \/><\/span> <\/label><br \/>\n<label><br \/>\n<span class=\"wpcf7-form-control-wrap\" data-name=\"telefono\"><input size=\"40\" maxlength=\"400\" class=\"wpcf7-form-control wpcf7-tel wpcf7-validates-as-required wpcf7-text wpcf7-validates-as-tel\" aria-required=\"true\" aria-invalid=\"false\" placeholder=\"Telefon*\" value=\"\" type=\"tel\" name=\"telefono\" \/><\/span><\/label>\n\t\t<\/p>\n\t<\/div>\n\t<p><label><br \/>\n<span class=\"wpcf7-form-control-wrap\" data-name=\"your-message\"><textarea cols=\"10\" rows=\"3\" maxlength=\"2000\" class=\"wpcf7-form-control wpcf7-textarea\" aria-invalid=\"false\" placeholder=\"Ihre Nachricht\" name=\"your-message\"><\/textarea><\/span> <\/label><br \/>\n<span class=\"wpcf7-form-control-wrap\" data-name=\"consenso\"><span class=\"wpcf7-form-control wpcf7-acceptance\"><span class=\"wpcf7-list-item\"><input type=\"checkbox\" name=\"consenso\" value=\"1\" aria-invalid=\"false\" \/><\/span><\/span><\/span> * <span id=\"psinformativa2\"><\/span>\n\t<\/p>\n\t<p>* = Pflichtfelder\n\t<\/p>\n\t<p><input class=\"wpcf7-form-control wpcf7-submit has-spinner\" type=\"submit\" value=\"Senden\" \/>\n\t<\/p>\n<\/div><div class=\"wpcf7-response-output\" aria-hidden=\"true\"><\/div>\n<\/form>\n<\/div>\n<\/div>\n\n<\/div>\n<\/div><\/div>\n\n<div  id=\"come-raggiungerci\" class=\"grids-section grids-is-advanced\" style=\"--_gs-gap-desktop:0px 0px;--_gs-m-desktop:50px 0 0 0;--_gs-p-desktop:0 0 0 0;--_gs-bg-desktop:transparent none;--_gs-bg-xp-desktop:0px;--_gs-zi-desktop:auto;--_gs-d-desktop:block;--_gs-mw-desktop:calc(100% - 0 - 0);--_gs-gap-tablet:0px 0px;--_gs-m-tablet:50px 0 0 0;--_gs-p-tablet:0 0 0 0;--_gs-bg-tablet:transparent none;--_gs-bg-xp-tablet:0px;--_gs-zi-tablet:auto;--_gs-d-tablet:block;--_gs-mw-tablet:calc(100% - 0 - 0);--_gs-gap-mobile:0px 0px;--_gs-m-mobile:50px 0 0 0;--_gs-p-mobile:0 0 0 0;--_gs-bg-mobile:transparent none;--_gs-bg-xp-mobile:0px;--_gs-zi-mobile:auto;--_gs-d-mobile:block;--_gs-mw-mobile:calc(100% - 0 - 0);--_gs-columns:12;--_gs-rows:6\"><div class=\"grids-s-w_i\">\n<div class=\"grids-area\" style=\"--_ga-column:3\/11;--_ga-row:1\/2;--_ga-m-desktop:0 0 0 0;--_ga-p-desktop:0 0 0 0;--_ga-bg-desktop:transparent none;--_ga-zi-desktop:auto;--_ga-d-desktop:flex;--_ga-mw-desktop:calc(100% - 0 - 0);--_ga-m-tablet:0 0 0 0;--_ga-p-tablet:0 0 0 0;--_ga-bg-tablet:transparent none;--_ga-zi-tablet:auto;--_ga-d-tablet:flex;--_ga-mw-tablet:calc(100% - 0 - 0);--_ga-m-mobile:0 0 0 0;--_ga-p-mobile:0 0 0 0;--_ga-bg-mobile:transparent none;--_ga-zi-mobile:auto;--_ga-d-mobile:flex;--_ga-mw-mobile:calc(100% - 0 - 0)\">\n\n<h2 class=\"wp-block-heading has-text-align-left\">Wie Sie uns erreichen<\/h2>\n\n\n\n<p>Das<strong>Hotel Hamburg in Bibione <\/strong>erwartet Sie in der Via Venere 19 in einer besonders g\u00fcnstigen Lage, nur einen Steinwurf vom Strand entfernt. Bibione ist eine<strong>Insel<\/strong>, die man \u00fcber eine Br\u00fccke erreicht, die sie mit dem Festland verbindet.<\/p>\n\n\n\n<p>Unser <a href=\"https:\/\/www.hotelamburgo.com\/\">Hotel in Bibione<\/a> bietet Ihnen einen angenehmen Aufenthalt, und wir von der Familie Zecchinel stehen <strong>Ihnen gerne zur Verf\u00fcgung<\/strong>, wenn Sie Zweifel \u00fcber den Weg haben, den Sie zu uns w\u00e4hlen. Hier finden Sie einige Tipps, wie Sie das Hotel Hamburg in Bibione erreichen k\u00f6nnen.<\/p>\n\n\n\n<p><strong>Mit dem Auto<\/strong><br>Von Westen: Autobahn A4 Venedig-Triest &#8211; Ausfahrt Portogruaro &#8211; folgen Sie den Schildern nach Triest und dann nach Bibione (Bibione ist ca. 35 km von hier entfernt)<\/p>\n\n\n\n<p>Von Osten: Autobahn A23, Abschnitt Tarvisio-Udine &#8211; Ausfahrt Latisana &#8211; folgen Sie den Hinweisschildern nach Lignano und dann nach Bibione (Bibione ist ca. 25 km von hier entfernt)<\/p>\n\n\n\n<p>Beide Autobahnen sind an die wichtigsten italienischen und europ\u00e4ischen Autobahnen angeschlossen.<\/p>\n\n\n\n<p>Fahren Sie dann weiter auf der Via Lignano Nord und dann auf der Via Lignano Nord\/SR354. Fahren Sie auf der Via Volton weiter und nehmen Sie die Abzweigung nach Bibione auf der Via Lignano. Nehmen Sie die SP 74, nehmen Sie am Kreisverkehr die 2. Ausfahrt auf die Via Pineda\/SP74; nehmen Sie am n\u00e4chsten Kreisverkehr die 2. Ausfahrt auf den Corso del Sole, biegen Sie links auf die Via Nettuno und dann rechts auf die Via Perseo. Nach etwa 600 m biegen Sie rechts in die Via Venere ein. Bei nein. 19 Sie finden uns im Hotel Amburgo in Bibione, wo wir auf Sie warten.<\/p>\n\n\n\n<p><strong>Mit dem Zug<\/strong><br>Um das Hotel Hamburg in Bibione zu erreichen, w\u00e4hlen Sie die Bahnh\u00f6fe von Latisana (von Triest) oder Portogruaro (von Venedig). Von diesen beiden Bahnh\u00f6fen gibt es eine bequeme Busverbindung nach Bibione. Rufen Sie uns an, wenn Sie einen Hoteltransferservice ben\u00f6tigen.<\/p>\n\n\n\n<p>Weitere Informationen finden Sie unter <a href=\"http:\/\/www.trenitalia.it\/\" target=\"_blank\" rel=\"noreferrer noopener\">www.trenitalia.it.<\/a><\/p>\n\n\n\n<p><strong>Mit dem Bus<\/strong><br>Von den Busbahnh\u00f6fen in Venedig, Treviso, Belluno und Udine gibt es dank der \u00f6ffentlichen Verkehrsgesellschaft ATVO eine bequeme Busverbindung nach Bibione. Fahrpl\u00e4ne und weitere Informationen finden Sie unter <a href=\"http:\/\/www.atvo.it\/index.php?lingua=it\" target=\"_blank\" rel=\"noreferrer noopener\">http:\/\/www.atvo.it\/index.php?lingua=it.<\/a> Die Haltestelle Bibione befindet sich am Busbahnhof in der Via Maja\/Piazza Mercato. Wir stehen Ihnen zur Verf\u00fcgung, um den Transfer zum Hotel zu organisieren.<\/p>\n\n\n\n<p><strong>Mit dem Flugzeug<\/strong><br>Die nationalen und internationalen Flugh\u00e4fen von Venedig (95 km), Treviso (90 km) und Trieste-Ronchi dei Legionari (65 km) sind dem Hotel Amburgo in Bibione am n\u00e4chsten. Von den Flugh\u00e4fen Venedig und Treviso erreichen Sie uns bequem mit dem <a href=\"http:\/\/www.atvo.it\/index.php?lingua=it\" target=\"_blank\" rel=\"noreferrer noopener\">Bus<\/a> oder mit dem Zug \u00fcber Mestre-Venedig und dann Bibione mit Halt in Portogruaro oder Latisana. Vom Flughafen Triest-Ronchi dei Legionari k\u00f6nnen Sie den<a href=\"https:\/\/www.saf.ud.it\/\" target=\"_blank\" rel=\"noreferrer noopener\">Bus<\/a> oder den Zug von Gorizia oder Monfalcone aus nehmen.<\/p>\n\n\n\n<p><strong>Mit dem Boot<\/strong><br>Ja, Sie k\u00f6nnen uns auch auf dem Seeweg besuchen. Die Koordinaten von Bibione sind Long. 45\u00b038&#8217;10&#8220; N &#8211; Lat. 12\u00b059&#8217;83&#8220; E. Sie k\u00f6nnen Ihr Boot (max. 18 m) an den Transitkais der Werft von Porto Baseleghe festmachen. Wir vom Hotel Hamburg in Bibione stehen Ihnen bei weiteren Fragen jederzeit zur Seite.<\/p>\n\n<\/div>\n<\/div><\/div>","protected":false},"excerpt":{"rendered":"","protected":false},"author":1,"featured_media":5748,"parent":0,"menu_order":0,"comment_status":"closed","ping_status":"closed","template":"","meta":{"_acf_changed":false,"advgb_blocks_editor_width":"","advgb_blocks_columns_visual_guide":"","footnotes":""},"class_list":["post-6476","page","type-page","status-publish","has-post-thumbnail","hentry","entry"],"acf":[],"yoast_head":"<!-- This site is optimized with the Yoast SEO plugin v25.6 - https:\/\/yoast.com\/wordpress\/plugins\/seo\/ -->\n<title>Kontakt - Hotel Amburgo Bibione<\/title>\n<meta name=\"robots\" content=\"index, follow, max-snippet:-1, max-image-preview:large, max-video-preview:-1\" \/>\n<link rel=\"canonical\" href=\"https:\/\/www.hotelamburgo.com\/de\/kontakt\/\" \/>\n<meta property=\"og:locale\" content=\"de_DE\" \/>\n<meta property=\"og:type\" content=\"article\" \/>\n<meta property=\"og:title\" content=\"Kontakt - Hotel Amburgo Bibione\" \/>\n<meta property=\"og:url\" content=\"https:\/\/www.hotelamburgo.com\/de\/kontakt\/\" \/>\n<meta property=\"og:site_name\" content=\"Hotel Amburgo Bibione\" \/>\n<meta property=\"article:modified_time\" content=\"2024-02-26T11:15:14+00:00\" \/>\n<meta property=\"og:image\" content=\"https:\/\/www.hotelamburgo.com\/wp-content\/uploads\/2024\/02\/HOTEL-AMBURGO.webp\" \/>\n\t<meta property=\"og:image:width\" content=\"2048\" \/>\n\t<meta property=\"og:image:height\" content=\"1357\" \/>\n\t<meta property=\"og:image:type\" content=\"image\/webp\" \/>\n<meta name=\"twitter:card\" content=\"summary_large_image\" \/>\n<meta name=\"twitter:label1\" content=\"Gesch\u00e4tzte Lesezeit\" \/>\n\t<meta name=\"twitter:data1\" content=\"4\u00a0Minuten\" \/>\n<script type=\"application\/ld+json\" class=\"yoast-schema-graph\">{\"@context\":\"https:\/\/schema.org\",\"@graph\":[{\"@type\":\"WebPage\",\"@id\":\"https:\/\/www.hotelamburgo.com\/de\/kontakt\/\",\"url\":\"https:\/\/www.hotelamburgo.com\/de\/kontakt\/\",\"name\":\"Kontakt - Hotel Amburgo Bibione\",\"isPartOf\":{\"@id\":\"https:\/\/www.hotelamburgo.com\/de\/#website\"},\"primaryImageOfPage\":{\"@id\":\"https:\/\/www.hotelamburgo.com\/de\/kontakt\/#primaryimage\"},\"image\":{\"@id\":\"https:\/\/www.hotelamburgo.com\/de\/kontakt\/#primaryimage\"},\"thumbnailUrl\":\"https:\/\/www.hotelamburgo.com\/wp-content\/uploads\/2024\/02\/HOTEL-AMBURGO.webp\",\"datePublished\":\"2024-02-22T11:18:12+00:00\",\"dateModified\":\"2024-02-26T11:15:14+00:00\",\"breadcrumb\":{\"@id\":\"https:\/\/www.hotelamburgo.com\/de\/kontakt\/#breadcrumb\"},\"inLanguage\":\"de\",\"potentialAction\":[{\"@type\":\"ReadAction\",\"target\":[\"https:\/\/www.hotelamburgo.com\/de\/kontakt\/\"]}]},{\"@type\":\"ImageObject\",\"inLanguage\":\"de\",\"@id\":\"https:\/\/www.hotelamburgo.com\/de\/kontakt\/#primaryimage\",\"url\":\"https:\/\/www.hotelamburgo.com\/wp-content\/uploads\/2024\/02\/HOTEL-AMBURGO.webp\",\"contentUrl\":\"https:\/\/www.hotelamburgo.com\/wp-content\/uploads\/2024\/02\/HOTEL-AMBURGO.webp\",\"width\":2048,\"height\":1357,\"caption\":\"HOTEL AMBURGO\"},{\"@type\":\"BreadcrumbList\",\"@id\":\"https:\/\/www.hotelamburgo.com\/de\/kontakt\/#breadcrumb\",\"itemListElement\":[{\"@type\":\"ListItem\",\"position\":1,\"name\":\"Home\",\"item\":\"https:\/\/www.hotelamburgo.com\/de\/\"},{\"@type\":\"ListItem\",\"position\":2,\"name\":\"Kontakt\"}]},{\"@type\":\"WebSite\",\"@id\":\"https:\/\/www.hotelamburgo.com\/de\/#website\",\"url\":\"https:\/\/www.hotelamburgo.com\/de\/\",\"name\":\"Hotel Amburgo Bibione\",\"description\":\"Bibione\",\"publisher\":{\"@id\":\"https:\/\/www.hotelamburgo.com\/de\/#organization\"},\"potentialAction\":[{\"@type\":\"SearchAction\",\"target\":{\"@type\":\"EntryPoint\",\"urlTemplate\":\"https:\/\/www.hotelamburgo.com\/de\/?s={search_term_string}\"},\"query-input\":{\"@type\":\"PropertyValueSpecification\",\"valueRequired\":true,\"valueName\":\"search_term_string\"}}],\"inLanguage\":\"de\"},{\"@type\":\"Organization\",\"@id\":\"https:\/\/www.hotelamburgo.com\/de\/#organization\",\"name\":\"Hotel Amburgo Bibione\",\"url\":\"https:\/\/www.hotelamburgo.com\/de\/\",\"logo\":{\"@type\":\"ImageObject\",\"inLanguage\":\"de\",\"@id\":\"https:\/\/www.hotelamburgo.com\/de\/#\/schema\/logo\/image\/\",\"url\":\"https:\/\/www.hotelamburgo.com\/wp-content\/uploads\/2024\/01\/hotel-amburgo-logo.png\",\"contentUrl\":\"https:\/\/www.hotelamburgo.com\/wp-content\/uploads\/2024\/01\/hotel-amburgo-logo.png\",\"width\":1755,\"height\":663,\"caption\":\"Hotel Amburgo Bibione\"},\"image\":{\"@id\":\"https:\/\/www.hotelamburgo.com\/de\/#\/schema\/logo\/image\/\"}}]}<\/script>\n<!-- \/ Yoast SEO plugin. -->","yoast_head_json":{"title":"Kontakt - Hotel Amburgo Bibione","robots":{"index":"index","follow":"follow","max-snippet":"max-snippet:-1","max-image-preview":"max-image-preview:large","max-video-preview":"max-video-preview:-1"},"canonical":"https:\/\/www.hotelamburgo.com\/de\/kontakt\/","og_locale":"de_DE","og_type":"article","og_title":"Kontakt - Hotel Amburgo Bibione","og_url":"https:\/\/www.hotelamburgo.com\/de\/kontakt\/","og_site_name":"Hotel Amburgo Bibione","article_modified_time":"2024-02-26T11:15:14+00:00","og_image":[{"width":2048,"height":1357,"url":"https:\/\/www.hotelamburgo.com\/wp-content\/uploads\/2024\/02\/HOTEL-AMBURGO.webp","type":"image\/webp"}],"twitter_card":"summary_large_image","twitter_misc":{"Gesch\u00e4tzte Lesezeit":"4\u00a0Minuten"},"schema":{"@context":"https:\/\/schema.org","@graph":[{"@type":"WebPage","@id":"https:\/\/www.hotelamburgo.com\/de\/kontakt\/","url":"https:\/\/www.hotelamburgo.com\/de\/kontakt\/","name":"Kontakt - Hotel Amburgo Bibione","isPartOf":{"@id":"https:\/\/www.hotelamburgo.com\/de\/#website"},"primaryImageOfPage":{"@id":"https:\/\/www.hotelamburgo.com\/de\/kontakt\/#primaryimage"},"image":{"@id":"https:\/\/www.hotelamburgo.com\/de\/kontakt\/#primaryimage"},"thumbnailUrl":"https:\/\/www.hotelamburgo.com\/wp-content\/uploads\/2024\/02\/HOTEL-AMBURGO.webp","datePublished":"2024-02-22T11:18:12+00:00","dateModified":"2024-02-26T11:15:14+00:00","breadcrumb":{"@id":"https:\/\/www.hotelamburgo.com\/de\/kontakt\/#breadcrumb"},"inLanguage":"de","potentialAction":[{"@type":"ReadAction","target":["https:\/\/www.hotelamburgo.com\/de\/kontakt\/"]}]},{"@type":"ImageObject","inLanguage":"de","@id":"https:\/\/www.hotelamburgo.com\/de\/kontakt\/#primaryimage","url":"https:\/\/www.hotelamburgo.com\/wp-content\/uploads\/2024\/02\/HOTEL-AMBURGO.webp","contentUrl":"https:\/\/www.hotelamburgo.com\/wp-content\/uploads\/2024\/02\/HOTEL-AMBURGO.webp","width":2048,"height":1357,"caption":"HOTEL AMBURGO"},{"@type":"BreadcrumbList","@id":"https:\/\/www.hotelamburgo.com\/de\/kontakt\/#breadcrumb","itemListElement":[{"@type":"ListItem","position":1,"name":"Home","item":"https:\/\/www.hotelamburgo.com\/de\/"},{"@type":"ListItem","position":2,"name":"Kontakt"}]},{"@type":"WebSite","@id":"https:\/\/www.hotelamburgo.com\/de\/#website","url":"https:\/\/www.hotelamburgo.com\/de\/","name":"Hotel Amburgo Bibione","description":"Bibione","publisher":{"@id":"https:\/\/www.hotelamburgo.com\/de\/#organization"},"potentialAction":[{"@type":"SearchAction","target":{"@type":"EntryPoint","urlTemplate":"https:\/\/www.hotelamburgo.com\/de\/?s={search_term_string}"},"query-input":{"@type":"PropertyValueSpecification","valueRequired":true,"valueName":"search_term_string"}}],"inLanguage":"de"},{"@type":"Organization","@id":"https:\/\/www.hotelamburgo.com\/de\/#organization","name":"Hotel Amburgo Bibione","url":"https:\/\/www.hotelamburgo.com\/de\/","logo":{"@type":"ImageObject","inLanguage":"de","@id":"https:\/\/www.hotelamburgo.com\/de\/#\/schema\/logo\/image\/","url":"https:\/\/www.hotelamburgo.com\/wp-content\/uploads\/2024\/01\/hotel-amburgo-logo.png","contentUrl":"https:\/\/www.hotelamburgo.com\/wp-content\/uploads\/2024\/01\/hotel-amburgo-logo.png","width":1755,"height":663,"caption":"Hotel Amburgo Bibione"},"image":{"@id":"https:\/\/www.hotelamburgo.com\/de\/#\/schema\/logo\/image\/"}}]}},"coauthors":[],"author_meta":{"author_link":"https:\/\/www.hotelamburgo.com\/de\/author\/ale4mck-ciakcl\/","display_name":"ale4mck-ciakcl"},"relative_dates":{"created":"Posted 2\u00a0Jahren ago","modified":"Updated 2\u00a0Jahren ago"},"absolute_dates":{"created":"Posted on Februar 22, 2024","modified":"Updated on Februar 26, 2024"},"absolute_dates_time":{"created":"Posted on Februar 22, 2024 12:18 p.m.","modified":"Updated on Februar 26, 2024 12:15 p.m."},"featured_img_caption":"","featured_img":"https:\/\/www.hotelamburgo.com\/wp-content\/uploads\/2024\/02\/HOTEL-AMBURGO-1568x1039.webp","series_order":"","_links":{"self":[{"href":"https:\/\/www.hotelamburgo.com\/de\/wp-json\/wp\/v2\/pages\/6476","targetHints":{"allow":["GET"]}}],"collection":[{"href":"https:\/\/www.hotelamburgo.com\/de\/wp-json\/wp\/v2\/pages"}],"about":[{"href":"https:\/\/www.hotelamburgo.com\/de\/wp-json\/wp\/v2\/types\/page"}],"author":[{"embeddable":true,"href":"https:\/\/www.hotelamburgo.com\/de\/wp-json\/wp\/v2\/users\/1"}],"replies":[{"embeddable":true,"href":"https:\/\/www.hotelamburgo.com\/de\/wp-json\/wp\/v2\/comments?post=6476"}],"version-history":[{"count":0,"href":"https:\/\/www.hotelamburgo.com\/de\/wp-json\/wp\/v2\/pages\/6476\/revisions"}],"wp:featuredmedia":[{"embeddable":true,"href":"https:\/\/www.hotelamburgo.com\/de\/wp-json\/wp\/v2\/media\/5748"}],"wp:attachment":[{"href":"https:\/\/www.hotelamburgo.com\/de\/wp-json\/wp\/v2\/media?parent=6476"}],"curies":[{"name":"wp","href":"https:\/\/api.w.org\/{rel}","templated":true}]}}